{"id":528,"date":"2024-07-31T06:33:43","date_gmt":"2024-07-31T06:33:43","guid":{"rendered":"https:\/\/gr5hikers.nl\/?page_id=528"},"modified":"2026-04-18T11:53:21","modified_gmt":"2026-04-18T11:53:21","slug":"gr5-in-wallonie","status":"publish","type":"page","link":"https:\/\/gr5hikers.nl\/?page_id=528","title":{"rendered":"GR5 in Walloni\u00eb"},"content":{"rendered":"\n<div class=\"wp-block-group alignfull has-accent-background-color has-background has-global-padding is-layout-constrained wp-container-core-group-is-layout-669513ed wp-block-group-is-layout-constrained\" style=\"margin-top:0;margin-bottom:0;padding-top:var(--wp--preset--spacing--50);padding-right:var(--wp--preset--spacing--50);padding-bottom:var(--wp--preset--spacing--50);padding-left:var(--wp--preset--spacing--50)\">\n<div class=\"wp-block-columns alignwide is-layout-flex wp-container-core-columns-is-layout-1da03c2a wp-block-columns-is-layout-flex\">\n<div class=\"wp-block-column is-vertically-aligned-stretch is-layout-flow wp-block-column-is-layout-flow\" style=\"flex-basis:50%\">\n<div class=\"wp-block-group is-vertical is-content-justification-stretch is-layout-flex wp-container-core-group-is-layout-444d5ee8 wp-block-group-is-layout-flex\" style=\"min-height:100%\">\n<p class=\"has-heading-font-family has-x-large-font-size\" style=\"line-height:1.2\">De GR5 door de Belgische Ardennen. 146 kilometer wandelen van Kanne tot aan het Belgi\u00eb-Duitsland-Luxemburg drielandenpunt.<\/p>\n<\/div>\n<\/div>\n\n\n\n<div class=\"wp-block-column is-vertically-aligned-center is-layout-flow wp-block-column-is-layout-flow\" style=\"flex-basis:50%\">\n<figure class=\"wp-block-image size-large is-style-rounded is-style-rounded--1\"><img loading=\"lazy\" decoding=\"async\" width=\"768\" height=\"1024\" src=\"https:\/\/gr5hikers.nl\/wp-content\/uploads\/2024\/08\/IMG_8746-768x1024.jpeg\" alt=\"\" class=\"wp-image-613\" style=\"aspect-ratio:3\/4;object-fit:cover\" srcset=\"https:\/\/gr5hikers.nl\/wp-content\/uploads\/2024\/08\/IMG_8746-768x1024.jpeg 768w, https:\/\/gr5hikers.nl\/wp-content\/uploads\/2024\/08\/IMG_8746-225x300.jpeg 225w, https:\/\/gr5hikers.nl\/wp-content\/uploads\/2024\/08\/IMG_8746-scaled.jpeg 1920w\" sizes=\"auto, (max-width: 768px) 100vw, 768px\" \/><\/figure>\n<\/div>\n<\/div>\n<\/div>\n\n\n\n<div class=\"wp-block-group alignfull has-global-padding is-layout-constrained wp-container-core-group-is-layout-669513ed wp-block-group-is-layout-constrained\" style=\"margin-top:0;margin-bottom:0;padding-top:var(--wp--preset--spacing--50);padding-right:var(--wp--preset--spacing--50);padding-bottom:var(--wp--preset--spacing--50);padding-left:var(--wp--preset--spacing--50)\">\n<div class=\"wp-block-group is-vertical is-content-justification-center is-layout-flex wp-container-core-group-is-layout-ce155fab wp-block-group-is-layout-flex\">\n<p class=\"has-text-align-left\">De GR5 door Walloni\u00eb sluit aan op de GR5 route die door Vlaanderen loopt en begint in Kanne, net onder Maastricht, loopt via Spa door de Ardennen en eindigt net voorbij Ouren, direct naast het drie landen punt met Duitsland en Luxemburg. Wij hebben de eerste etappes in juli &#8211; augustus 2024 gelopen en na een anderhalf jaar onderbreking hebben we dit deel in 2026 afgerond.<\/p>\n\n\n\n<p class=\"has-text-align-left\">Informatie over de GR5 route door Belgi\u00eb, ook Walloni\u00eb is te vinden op de website van <a href=\"https:\/\/www.groteroutepaden.be\/nl\/gr-5-noordzee-middellandse-zee\">Grote Routepaden<\/a>. Daar is de detailkaart te raadplegen en ook de gpx file van het Walloni\u00eb en Luxemburg deel van de route kun je daar downloaden. De bijbehorende franstalige wandelgids, Mer du Nord &#8211; M\u00e9diterran\u00e9e &#8211; Wallonie et Grand-Duch\u00e9 de Luxembourg, is te bestellen in de <a href=\"https:\/\/www.groteroutepaden.be\/nl\/webshop\">webshop<\/a> van Grote Routepaden. Deze gids is de editie oktober 2025.<\/p>\n\n\n\n<p class=\"has-text-align-left\">Net als in Vlaanderen hadden wij constant een auto ter beschikking die bij het beginpunt of eindpunt van de dag etappe gezet is. Het openbaar vervoer werd gebruikt om weer bij de auto te komen of naar startpunt te reizen. Walloni\u00eb is dunner bevolkt dan Vlaanderen en dus is het soms puzzelen voor de beste logistieke optie.<\/p>\n\n\n\n<p class=\"has-text-align-left\">Plannen van openbaar vervoer kan met de app van TEC of via de <a href=\"https:\/\/www.letec.be\">website<\/a> van TEC. De website heeft op de pagina <a href=\"https:\/\/www.letec.be\/View\/Netplannen_van_TEC\/1136\">netplannen<\/a> ook overzichtskaarten met alle routes, opgedeeld in diverse regio&#8217;s in Walloni\u00eb. Die vonden wij erg praktisch om naast de GR5 route te leggen om te beslissen waar de beste mogelijkheid was om op de bus te stappen. In-app kun je bij TEC ook tickets kopen. Als je vaker de bussen van TEC gaat gebruiken is er ook een 8-ritten kaart te koop met korting. Voor de treinritten kun je de app of <a href=\"https:\/\/www.belgiantrain.be\/nl\">website<\/a> van NMBS gebruiken. Ook deze app heeft in-app ticket aankopen.<\/p>\n<\/div>\n\n\n\n<div style=\"height:var(--wp--preset--spacing--30)\" aria-hidden=\"true\" class=\"wp-block-spacer\"><\/div>\n\n\n\n<div class=\"wp-block-columns alignwide is-layout-flex wp-container-core-columns-is-layout-4935966c wp-block-columns-is-layout-flex\" style=\"padding-right:0;padding-left:0\">\n<div class=\"wp-block-column is-layout-flow wp-block-column-is-layout-flow\">\n<figure class=\"wp-block-image size-full is-style-rounded is-style-rounded--2\"><a href=\"https:\/\/gr5hikers.nl\/?p=578\"><img loading=\"lazy\" decoding=\"async\" width=\"2560\" height=\"1707\" src=\"https:\/\/gr5hikers.nl\/wp-content\/uploads\/2024\/07\/IMG_1093-scaled.jpeg\" alt=\"\" class=\"wp-image-584\" style=\"aspect-ratio:1;object-fit:cover\" srcset=\"https:\/\/gr5hikers.nl\/wp-content\/uploads\/2024\/07\/IMG_1093-scaled.jpeg 2560w, https:\/\/gr5hikers.nl\/wp-content\/uploads\/2024\/07\/IMG_1093-300x200.jpeg 300w\" sizes=\"auto, (max-width: 2560px) 100vw, 2560px\" \/><\/a><\/figure>\n\n\n\n<div class=\"wp-block-group is-vertical is-content-justification-center is-nowrap is-layout-flex wp-container-core-group-is-layout-21d4e958 wp-block-group-is-layout-flex\">\n<p class=\"has-text-align-center has-small-font-size\"><strong><a href=\"https:\/\/gr5hikers.nl\/?p=578\">Kanne &#8211; <\/a><\/strong><\/p>\n\n\n\n<p class=\"has-text-align-center has-small-font-size\"><strong><a href=\"https:\/\/gr5hikers.nl\/?p=578\">Vis\u00e9<\/a><\/strong><\/p>\n\n\n\n<p class=\"has-small-font-size\">BEL-15<\/p>\n\n\n\n<p class=\"has-small-font-size\">26 juli 2024<\/p>\n\n\n\n<p class=\"has-small-font-size\">24 kilometer<\/p>\n<\/div>\n<\/div>\n\n\n\n<div class=\"wp-block-column is-layout-flow wp-block-column-is-layout-flow\">\n<figure class=\"wp-block-image size-full is-style-rounded is-style-rounded--3\"><a href=\"https:\/\/gr5hikers.nl\/?p=627\"><img decoding=\"async\" src=\"https:\/\/gr5hikers.nl\/wp-content\/uploads\/2024\/08\/IMG_1140.jpeg\" alt=\"\" class=\"wp-image-640\" style=\"aspect-ratio:1;object-fit:cover\"\/><\/a><\/figure>\n\n\n\n<div class=\"wp-block-group is-vertical is-content-justification-center is-nowrap is-layout-flex wp-container-core-group-is-layout-63bfd6c1 wp-block-group-is-layout-flex\">\n<p class=\"has-text-align-center has-small-font-size\"><a href=\"https:\/\/gr5hikers.nl\/?p=627\"><strong>Vis\u00e9<\/strong> &#8211;<\/a><\/p>\n\n\n\n<p class=\"has-small-font-size\"><strong><a href=\"https:\/\/gr5hikers.nl\/?p=627\">Retinne<\/a><\/strong><\/p>\n\n\n\n<p class=\"has-text-align-center has-small-font-size\">BEL-16<\/p>\n\n\n\n<p class=\"has-small-font-size\">8 augustus 2024<\/p>\n\n\n\n<p class=\"has-small-font-size\">20 kilometer<\/p>\n<\/div>\n<\/div>\n\n\n\n<div class=\"wp-block-column is-layout-flow wp-block-column-is-layout-flow\">\n<figure class=\"wp-block-image size-full is-style-rounded is-style-rounded--4\"><a href=\"https:\/\/gr5hikers.nl\/?p=604\"><img loading=\"lazy\" decoding=\"async\" width=\"2560\" height=\"1920\" src=\"https:\/\/gr5hikers.nl\/wp-content\/uploads\/2024\/08\/IMG_8726-scaled.jpeg\" alt=\"\" class=\"wp-image-606\" style=\"aspect-ratio:1;object-fit:cover\" srcset=\"https:\/\/gr5hikers.nl\/wp-content\/uploads\/2024\/08\/IMG_8726-scaled.jpeg 2560w, https:\/\/gr5hikers.nl\/wp-content\/uploads\/2024\/08\/IMG_8726-300x225.jpeg 300w\" sizes=\"auto, (max-width: 2560px) 100vw, 2560px\" \/><\/a><\/figure>\n\n\n\n<div class=\"wp-block-group is-vertical is-content-justification-center is-nowrap is-layout-flex wp-container-core-group-is-layout-63bfd6c1 wp-block-group-is-layout-flex\">\n<p class=\"has-text-align-center has-small-font-size\"><strong><a href=\"https:\/\/gr5hikers.nl\/?p=604\">Domaine de W\u00e9gimont &#8211; Nessonvaux<\/a><\/strong><\/p>\n\n\n\n<p class=\"has-text-align-center has-small-font-size\">BEL-17<\/p>\n\n\n\n<p class=\"has-small-font-size\">9 augustus 2024<\/p>\n\n\n\n<p class=\"has-small-font-size\">10 kilometer<\/p>\n<\/div>\n<\/div>\n\n\n\n<div class=\"wp-block-column is-layout-flow wp-block-column-is-layout-flow\">\n\n\n<div class=\"wp-block-group is-vertical is-content-justification-center is-nowrap is-layout-flex wp-container-core-group-is-layout-21d4e958 wp-block-group-is-layout-flex\">\n<p class=\"has-text-align-center has-small-font-size\"><strong>Etappe 4<\/strong><\/p>\n\n\n\n<p class=\"has-text-align-center has-small-font-size\">Wal-4<\/p>\n<\/div>\n<\/div>\n<\/div>\n\n\n\n<div class=\"wp-block-columns alignwide is-layout-flex wp-container-core-columns-is-layout-4935966c wp-block-columns-is-layout-flex\" style=\"padding-right:0;padding-left:0\">\n<div class=\"wp-block-column is-layout-flow wp-block-column-is-layout-flow\">\n\n\n<div class=\"wp-block-group is-vertical is-content-justification-center is-nowrap is-layout-flex wp-container-core-group-is-layout-21d4e958 wp-block-group-is-layout-flex\">\n<p class=\"has-text-align-center has-small-font-size\"><strong>Etappe 5 <\/strong><\/p>\n\n\n\n<p class=\"has-text-align-center has-small-font-size\"><\/p>\n\n\n\n<p class=\"has-small-font-size\">WAL-5<\/p>\n\n\n\n<p class=\"has-small-font-size\">22 kilometer<\/p>\n<\/div>\n<\/div>\n\n\n\n<div class=\"wp-block-column is-layout-flow wp-block-column-is-layout-flow\">\n\n\n<div class=\"wp-block-group is-vertical is-content-justification-center is-nowrap is-layout-flex wp-container-core-group-is-layout-63bfd6c1 wp-block-group-is-layout-flex\">\n<p class=\"has-text-align-center has-small-font-size\"><strong>Etappe 6<\/strong><\/p>\n\n\n\n<p class=\"has-text-align-center has-small-font-size\">Wal-6<\/p>\n<\/div>\n<\/div>\n\n\n\n<div class=\"wp-block-column is-layout-flow wp-block-column-is-layout-flow\">\n\n\n<div class=\"wp-block-group is-vertical is-content-justification-center is-nowrap is-layout-flex wp-container-core-group-is-layout-63bfd6c1 wp-block-group-is-layout-flex\">\n<p class=\"has-text-align-center has-small-font-size\"><strong>Etappe 7<\/strong><\/p>\n\n\n\n<p class=\"has-text-align-center has-small-font-size\">Wal-7<\/p>\n<\/div>\n<\/div>\n\n\n\n<div class=\"wp-block-column is-layout-flow wp-block-column-is-layout-flow\">\n\n\n<div class=\"wp-block-group is-vertical is-content-justification-center is-nowrap is-layout-flex wp-container-core-group-is-layout-21d4e958 wp-block-group-is-layout-flex\">\n<p class=\"has-text-align-center has-small-font-size\"><strong>Etappe 8<\/strong><\/p>\n\n\n\n<p class=\"has-text-align-center has-small-font-size\">Wal-8<\/p>\n<\/div>\n<\/div>\n<\/div>\n<\/div>\n","protected":false},"excerpt":{"rendered":"<p>De GR5 door de Belgische Ardennen. 146 kilometer wandelen van Kanne tot aan het Belgi\u00eb-Duitsland-Luxemburg drielandenpunt. De GR5 door Walloni\u00eb sluit aan op de GR5 route die door Vlaanderen loopt en begint in Kanne, net onder Maastricht, loopt via Spa door de Ardennen en eindigt net voorbij Ouren, direct naast het drie landen punt met [&hellip;]<\/p>\n","protected":false},"author":1,"featured_media":0,"parent":0,"menu_order":0,"comment_status":"closed","ping_status":"closed","template":"","meta":{"footnotes":""},"class_list":["post-528","page","type-page","status-publish","hentry"],"_links":{"self":[{"href":"https:\/\/gr5hikers.nl\/index.php?rest_route=\/wp\/v2\/pages\/528","targetHints":{"allow":["GET"]}}],"collection":[{"href":"https:\/\/gr5hikers.nl\/index.php?rest_route=\/wp\/v2\/pages"}],"about":[{"href":"https:\/\/gr5hikers.nl\/index.php?rest_route=\/wp\/v2\/types\/page"}],"author":[{"embeddable":true,"href":"https:\/\/gr5hikers.nl\/index.php?rest_route=\/wp\/v2\/users\/1"}],"replies":[{"embeddable":true,"href":"https:\/\/gr5hikers.nl\/index.php?rest_route=%2Fwp%2Fv2%2Fcomments&post=528"}],"version-history":[{"count":13,"href":"https:\/\/gr5hikers.nl\/index.php?rest_route=\/wp\/v2\/pages\/528\/revisions"}],"predecessor-version":[{"id":665,"href":"https:\/\/gr5hikers.nl\/index.php?rest_route=\/wp\/v2\/pages\/528\/revisions\/665"}],"wp:attachment":[{"href":"https:\/\/gr5hikers.nl\/index.php?rest_route=%2Fwp%2Fv2%2Fmedia&parent=528"}],"curies":[{"name":"wp","href":"https:\/\/api.w.org\/{rel}","templated":true}]}}